{"id":3722,"date":"2018-05-11T14:38:01","date_gmt":"2018-05-11T12:38:01","guid":{"rendered":"http:\/\/www.gsonek.at\/?page_id=3722"},"modified":"2018-06-20T15:27:31","modified_gmt":"2018-06-20T13:27:31","slug":"privacy-statement","status":"publish","type":"page","link":"https:\/\/www.gsonek.at\/en\/privacy-statement\/","title":{"rendered":"Privacy Statement"},"content":{"rendered":"<p>The savety of your personal data is very important to us. Therefore we process your data exclusively on the basis of the legal regulations (GDPR). In this privacy policy we inform you about the most important aspects of data processing within our website.<\/p>\n<h3 id=\"heading_Kontakt_mit_uns\">Contact us<\/h3>\n<p>If you contact us via the form on this website or by e-mail, your data will be stored for six months to process the request and in case of follow-up questions. We will not share this information without your consent.<\/p>\n<h3 id=\"heading_Cookies\">Cookies<\/h3>\n<p><span id=\"result_box\" class=\"\" lang=\"en\"><span title=\"Diese Website verwendet sog. \u201eCookies\u201c, Textdateien, die auf Ihrem Computer gespeichert werden und die eine Analyse der Benutzung der Website durch Sie erm\u00f6glicht.\">This website uses so-called \u201ccookies\u201d, text files that are stored on your computer and that allow an analysis of your website usage. <\/span><span title=\"Die durch den Cookie erzeugten Informationen \u00fcber Ihre Benutzung dieser Website (einschlie\u00dflich Ihrer IP-Adresse) werden nur auf Servern innerhalb des EU-Raums, die sich unter unserer alleinigen Kontrolle befinden, \u00fcbertragen und gespeichert. \">The information generated by the cookie about your usage of this website (including your IP address) will only be transmitted and stored on servers within the EU area under our sole control.<\/span><\/span><\/p>\n<p><span title=\"Wir werden diese Informationen benutzen, um Ihre Nutzung der Website auszuwerten, um Reports \u00fcber die Websiteaktivit\u00e4ten zusammenzustellen und um weitere mit der Websitenutzung und der Internetnutzung verbundene Dienstleistungen zu erbringen.\">We will use this information to evaluate your usage of the website, to compile reports on website activity and to provide other services related to website activity and internet usage. <\/span><span title=\"Diese Informationen werden nicht an Dritte \u00fcbertragen, ausgenommen durch beh\u00f6rdliche Anweisung in Form einer gerichtlichen Aufforderung. \">This information will not be disclosed to third parties, except by official order in the form of a court order.<\/span><\/p>\n<p><span title=\"Sie k\u00f6nnen die Installation der Cookies durch eine entsprechende Einstellung Ihrer Browser-Software verhindern;\">You can prevent the installation of cookies by setting your browser software accordingly. <\/span><span title=\"wir weisen Sie darauf hin, dass Sie in diesem Fall dennoch s\u00e4mtliche Funktionen dieser Website voll umf\u00e4nglich nutzen k\u00f6nnen.\">We point out that in this case, you can still use all the functions of this website to the full extend. <\/span><span title=\"Durch die Nutzung dieser Website erkl\u00e4ren Sie sich mit der Bearbeitung der \u00fcber Sie erhobenen Daten durch uns in der zuvor beschriebenen Art und Weise und zu dem zuvor benannten Zweck einverstanden.\">By using this website, you agree to the processing of the data collected about you by us in the manner described above and for the purpose stated above.<\/span><\/p>\n<h3 id=\"heading_Web_Analyse\">Web-Analysis<\/h3>\n<p>Our website uses functions of the web analytics service &#8216;Google Analytics&#8217;.<\/p>\n<p>Google Analytics, a web-based analysis service by Google Inc. (hereinafter \u201cGoogle\u201d), uses cookies, which are saved on the User\u2019s computer. The information generated by the cookie concerning their visit is usually sent to and stored on a Google server in the USA. If Gsonek GesmbH activates IP anonymisation for this website, Google shortens the User\u2019s IP address within Member States of the European Union or in other partner states of the Agreement on the European Economic Area. Only in exceptional cases will the full IP address be sent to a Google server in the USA and anonymised there. Google evaluates the information that has been saved on behalf of Google for the purpose of compiling reports on the website\u2019s usage and in order to provide other associated services for Gsonek GesmbH. Google may combine the IP address transmitted from the User\u2019s browser by Google Analytics with other data that has been collected.<\/p>\n<p>Detailed information on this can be found at <a href=\"http:\/\/tools.google.com\/dlpage\/gaoptout?hl=en\">http:\/\/tools.google.com\/dlpage\/gaoptout?hl=en<\/a>\u00a0and <a href=\"http:\/\/www.google.com\/intl\/en\/analytics\/privacyoverview.html\">http:\/\/www.google.com\/intl\/en\/analytics\/privacyoverview.html<\/a>\u00a0(general information on Google Analytics and data protection).<\/p>\n<h3 id=\"heading_Ihre_Rechte\">Your rights<\/h3>\n<p>In principle, you have the rights to information, correction, deletion, restriction, data portability, revocation and opposition. If you believe that the processing of your data violates data protection law or if your data protection claims have otherwise been violated in a way, you can complain to the supervisory authority. In Austria, this is the data protection authority.<\/p>\n<h3 id=\"heading_Sie_erreichen_uns_unter_folgenden_Kontaktdaten_\">You can contact us under the following contact details<\/h3>\n<p>email:\u00a0<a href=\"mailto:datenschutz@gsonek.at\">datenschutz@gsonek.at<\/a><\/p>\n<p>Download<\/p>\n<p>Here you will find the download links for the privacy policies for lessee and the suppliers:<\/p>\n<p><a href=\"http:\/\/www.gsonek.at\/cms\/media\/Datenschutzerkl\u00e4rung-Mieter.pdf\">Datenschutzerkl\u00e4rung Mieter<\/a><\/p>\n<p><a href=\"http:\/\/www.gsonek.at\/cms\/media\/Datenschutzerkl\u00e4rung-Lieferanten.pdf\">Datenschutzerkl\u00e4rung Lieferanten<\/a><\/p>\n","protected":false},"excerpt":{"rendered":"<p>The savety of your personal data is very important to us. Therefore we process your data exclusively on the basis of the legal regulations (GDPR). In this privacy policy we inform you about the most important aspects of data processing within our website. Contact us If you contact us via the form on this website [&hellip;]<\/p>\n","protected":false},"author":3,"featured_media":0,"parent":0,"menu_order":995,"comment_status":"closed","ping_status":"closed","template":"","meta":{"footnotes":""},"class_list":["post-3722","page","type-page","status-publish","hentry"],"_links":{"self":[{"href":"https:\/\/www.gsonek.at\/en\/wp-json\/wp\/v2\/pages\/3722","targetHints":{"allow":["GET"]}}],"collection":[{"href":"https:\/\/www.gsonek.at\/en\/wp-json\/wp\/v2\/pages"}],"about":[{"href":"https:\/\/www.gsonek.at\/en\/wp-json\/wp\/v2\/types\/page"}],"author":[{"embeddable":true,"href":"https:\/\/www.gsonek.at\/en\/wp-json\/wp\/v2\/users\/3"}],"replies":[{"embeddable":true,"href":"https:\/\/www.gsonek.at\/en\/wp-json\/wp\/v2\/comments?post=3722"}],"version-history":[{"count":5,"href":"https:\/\/www.gsonek.at\/en\/wp-json\/wp\/v2\/pages\/3722\/revisions"}],"predecessor-version":[{"id":3767,"href":"https:\/\/www.gsonek.at\/en\/wp-json\/wp\/v2\/pages\/3722\/revisions\/3767"}],"wp:attachment":[{"href":"https:\/\/www.gsonek.at\/en\/wp-json\/wp\/v2\/media?parent=3722"}],"curies":[{"name":"wp","href":"https:\/\/api.w.org\/{rel}","templated":true}]}}